{"id":3,"date":"2019-10-06T05:16:32","date_gmt":"2019-10-06T05:16:32","guid":{"rendered":"https:\/\/testserver.scorpio.agency\/?page_id=3"},"modified":"2019-10-11T05:00:37","modified_gmt":"2019-10-11T05:00:37","slug":"datenschutz","status":"publish","type":"page","link":"https:\/\/konfliktexperten.at\/index.php\/datenschutz\/","title":{"rendered":"Datenschutz"},"content":{"rendered":"\t\t<div data-elementor-type=\"wp-page\" data-elementor-id=\"3\" class=\"elementor elementor-3\">\n\t\t\t\t\t\t<section class=\"elementor-section elementor-top-section elementor-element elementor-element-3870b7d4 elementor-section-boxed elementor-section-height-default elementor-section-height-default\" data-id=\"3870b7d4\" data-element_type=\"section\" data-e-type=\"section\">\n\t\t\t\t\t\t<div class=\"elementor-container elementor-column-gap-default\">\n\t\t\t\t\t<div class=\"elementor-column elementor-col-100 elementor-top-column elementor-element elementor-element-6f6f68ed\" data-id=\"6f6f68ed\" data-element_type=\"column\" data-e-type=\"column\">\n\t\t\t<div class=\"elementor-widget-wrap elementor-element-populated\">\n\t\t\t\t\t\t<div class=\"elementor-element elementor-element-62052199 elementor-widget elementor-widget-text-editor\" data-id=\"62052199\" data-element_type=\"widget\" data-e-type=\"widget\" data-widget_type=\"text-editor.default\">\n\t\t\t\t<div class=\"elementor-widget-container\">\n\t\t\t\t\t\t\t\t\t\n<div>\n<div>\n<p>Diese Datenschutzerkl\u00e4rung informiert Sie \u00fcber die Art, den Umfang und Zweck der Verarbeitung von\u00a0<b>personenbezogenen Daten\u00a0<\/b>(nachfolgend kurz \u201eDaten\u201c) in unserem Unter-nehmen, insbesondere bei Besuch unserer Website und Social Media Profile, aber auch allgemein im Rahmen der Vertragsabwicklung mit unseren Kunden, Interessenten und sonstigen Betroffenen.<\/p>\n<\/div>\n<p>Im Hinblick auf die verwendeten Begrifflichkeiten, wie z.B. \u201epersonenbezogene Daten\u201c, \u201eBetroffener\u201c, \u201eVerarbeitung\u201c oder \u201eVerantwortlicher\u201c verweisen wir auf die Definitionen in Art. 4 der Datenschutzgrundverordnung (DSGVO).<\/p>\n<p><b>1. Verantwortlicher:<\/b><\/p>\n<p><strong>Mag.<sup>a<\/sup> Anja Zisak<\/strong><\/p>\n<div class=\"wp-block-jetpack-address\">\n<div class=\"jetpack-address__address jetpack-address__address1\">Mariannengasse 8\/5<\/div>\n<div>\n<p><span class=\"jetpack-address__postal\">1090 <\/span>Wien<\/p>\n<div class=\"wp-block-jetpack-email\">E-Mail:<a href=\"mailto:office@zisak.at\"> office@zisak.at<\/a><\/div>\n<div class=\"wp-block-jetpack-phone\">Tel:<a href=\"tel:+4306764449171\"> +43(0)676 4449171<\/a><\/div>\n<div>\u00a0<\/div>\n<\/div>\n<\/div>\n<p><b>2. Kategorien der verarbeiteten Daten:<\/b><\/p>\n<ul>\n<li><b>Namen\u00a0<\/b>(Vor- und Zuname, Firma oder Gesch\u00e4ftsbezeichnung),<\/li>\n<li><b>Kontaktdaten\u00a0<\/b>(Adresse, E-Mail, Telefonnummer, etc.),<\/li>\n<li><b>Registrierungsdaten\u00a0<\/b>(UID, Firmenbuchnummer, etc.),<\/li>\n<li><b>Zahlungsverkehrsdaten\u00a0<\/b>(Bankverbindung, etc.),<\/li>\n<li><b>Internetdaten\u00a0<\/b>(IP-Adresse, Surfgewohnheiten, etc.).<\/li>\n<\/ul>\n<p>Besondere Kategorien von personenbezogene Daten iSd Art 9, 10 DSGVO (&#8222;sensible Daten&#8220;) werden grunds\u00e4tzlich nicht verarbeitet.<\/p>\n<p><b>3. Kategorien der von der Verarbeitung betroffenen Personen:<\/b><\/p>\n<p>Die Verarbeitung personenbezogener Daten betrifft insbesondere<\/p>\n<ul>\n<li>Kunden und Interessenten,<\/li>\n<li>Lieferanten,<\/li>\n<li>Berater,<\/li>\n<li>externe Dienstleister,<\/li>\n<li>Website-Besucher und Nutzer des Onlineangebotes,.<\/li>\n<\/ul>\n<p><b>4. Zwecke und Rechtsgrundlagen der Verarbeitung:<\/b><\/p>\n<p>Wir verarbeiten Ihre personenbezogenen Daten in Einklang mit den Bestimmungen der DSGVO<\/p>\n<ul>\n<li>\n<p><b>zur Erf\u00fcllung von vertraglichen Pflichten\u00a0<\/b><i>(Art 6 Abs. 1 lit b DSGVO)<\/i>\u00a0Die Verarbeitung personenbezogener Daten erfolgt im Rahmen unserer Vertragsabwicklung und der Ausf\u00fchrung Ihrer Auftr\u00e4ge sowie aller damit im Zusammenhang stehenden T\u00e4tigkeiten.<\/p>\n<\/li>\n<li>\n<p><b>zur Erf\u00fcllung rechtlicher Verpflichtungen\u00a0<\/b><i>(Art 6 Abs. 1 lit c DSGVO)<\/i>\u00a0Eine Verarbeitung personenbezogener Daten kann zum Zweck der Erf\u00fcllung unterschiedlicher gesetzlicher Verpflichtungen erfolgen (z.B. Unternehmensgesetzbuch, steuerrechtliche Vorgaben).<\/p>\n<\/li>\n<li>\n<p><b>im Rahmen Ihrer Einwilligung\u00a0<\/b><i>(Art 6 Abs. 1 lit a DSGVO)<\/i><i>\u00a0<\/i>Wenn Sie uns eine Einwilligung zur Verarbeitung Ihrer personenbezogenen Daten erteilt haben, erfolgt eine Verarbeitung nur gem\u00e4\u00df den in der Zustimmungserkl\u00e4rung festgelegten Zwecken und im darin vereinbarten Umfang. Eine erteilte Einwilligung kann jederzeit mit Wirkung f\u00fcr die Zukunft widerrufen werden (z.B. k\u00f6nnen Sie der Verarbeitung Ihrer personenbezogenen Da-ten f\u00fcr Marketing- und Werbezwecken widersprechen, wenn Sie mit einer Verarbeitung k\u00fcnftig nicht mehr einverstanden ist).<\/p>\n<\/li>\n<li>\n<p><b>zur Wahrung berechtigter Interessen\u00a0<\/b><i>(Art 6 Abs. 1 lit f) DSGVO)\u00a0<\/i>Soweit erforderlich kann bei Vorliegen von berechtigten Interessen unsererseits eine Datenverarbeitung \u00fcber die eigentliche Erf\u00fcllung des Vertrags hinaus erfolgen. Eine Datenverarbeitung zur Wahrung berechtigter Interessen erfolgt insbesondere in folgenden F\u00e4llen:<\/p>\n<ul>\n<li>Ma\u00dfnahmen zur Gesch\u00e4ftssteuerung und Weiterentwicklung von Dienstleistungen und Produkten;<\/li>\n<li>Ma\u00dfnahmen zum Schutz von MitarbeiterInnen und KundInnen sowie Firmeneigentum;<\/li>\n<li>im Rahmen der Rechtsverfolgung.<\/li>\n<\/ul>\n<\/li>\n<\/ul>\n<p><b>5. Datenweitergabe und Auftragsverarbietung:<\/b><\/p>\n<p>Sofern wir Daten an Dritte (Auftragsverarbei-ter) weitergeben bzw. Dritten Zugriff auf Daten gew\u00e4hren, erfolgt dies nur auf Grundlage eines gesetzlichen Erlaubnistatbestandes (z.B. wenn eine \u00dcbermittlung der Daten an Dritte, wie an Zahlungsdienstleister, gem\u00e4\u00df Art. 6 Abs. 1 lit. b DSGVO zur Vertragserfu?llung erforderlich ist, o-der wenn Ihre Einwilligung vorliegt, oder eine rechtliche Verpflichtung dies erfordert oder unsererseits berechtigte Interessen vorliegen).<\/p>\n<p>Eine Weitergabe von Daten kann insbesondere an nachstehende Stellen erfolgen: Hostinganbieter, Steuer-, Wirtschafts- und Rechtsberater, Kundenpflege-, Buchfu?hrungs-, Abrechnungs- und \u00e4hnliche Dienstleister, die uns eine effiziente und effektive Erfu?llung unserer Vertragspflichten, Verwaltungsaufgaben und gesetzlichen Pflichten erlauben.<\/p>\n<p>Sofern wir Dritte mit der Verarbeitung von Da-ten auf Grundlage eines \u201eAuftragsverarbeitungsvertrages\u201c beauftragen, geschieht dies gem\u00e4\u00df Art. 28 DSGVO.<\/p>\n<p><b>6. \u00dcbermittlung von Daten in Drittl\u00e4nder:<\/b><\/p>\n<p>Eine \u00dcbermittlung personenbezogener Daten an Drittl\u00e4nder (d.h. au\u00dferhalb der Europ\u00e4ischen Union oder des Europ\u00e4ischen Wirtschaftsraums) ist grunds\u00e4tzlich nicht beabsichtigt. Sollten wir Daten in einem Drittland verarbeiten oder dies im Rahmen der Inanspruchnahme von Diensten Dritter geschieht, erfolgt dies nur, wenn ein Rechtfertigungsgrund vor-liegt und die Bedingungen gem\u00e4\u00df Art 44 ff DSGVO eingehalten werden, sohin z.B. auf Grundlage besonderer Garantien, wie der offiziell anerkannten Feststellung eines der EU entsprechenden Datenschutzniveaus (z.B. f\u00fcr die USA durch das \u201ePrivacy Shield\u201c) oder Beach-tung offiziell anerkannter spezieller vertraglicher Verpflichtungen (so genannte \u201eStandardvertragsklauseln\u201c).<\/p>\n<p><b>7. Rechte der betroffenen Personen:<\/b><\/p>\n<ul>\n<li><b>Auskunftsrecht:\u00a0<\/b>Sie haben gem\u00e4\u00df Art. 15 DSGVO das Recht auf Auskunft und Best\u00e4tigung dar\u00fcber, ob Ihre Person betreffende Da-ten verarbeitet werden, und k\u00f6nnen eine Ko-pie der Daten verlangen.<\/li>\n<li><b>Recht auf Berichtigung:\u00a0<\/b>Sie haben gem\u00e4\u00df Art. 16 DSGVO das Recht, die Vervollst\u00e4ndigung der Ihre Person betreffenden Daten oder die Berichtigung unrichtiger Daten zu verlangen.<\/li>\n<li><b>Recht auf L\u00f6schung:\u00a0<\/b>Sie haben nach Ma\u00dfgabe des Art. 17 DSGVO das Recht zu verlangen, dass Ihre Person betreffende Daten unverz\u00fcglich gel\u00f6scht werden, wenn ein diesbez\u00fcglicher Grund vorliegt.<\/li>\n<li><b>Recht auf Einschr\u00e4nkung der Verarbeitung:\u00a0<\/b>Sie haben gem\u00e4\u00df Art. 18 DSGVO das Recht, eine Einschr\u00e4nkung der Verarbeitung der Da-ten zu verlangen, wenn ein diesbez\u00fcglicher Grund vorliegt.<\/li>\n<li><b>Recht auf Daten\u00fcbertragbarkeit:\u00a0<\/b>Sie haben nach Ma\u00dfgabe des Art. 20 DSGVO das Recht, die Sie betreffenden Daten, die Sie uns bereit-gestellt haben zu erhalten und deren \u00dcbermittlung an andere Verantwortliche zu fordern.<\/li>\n<li><b>Widerrufsrecht:\u00a0<\/b>Sie haben das Recht, erteilte Einwilligungen gem\u00e4\u00df Art. 7 Abs. 3 DSGVO mit Wirkung f\u00fcr die Zukunft zu widerrufen.<\/li>\n<li><b>Widerspruchsrecht:\u00a0<\/b>Sie haben nach Ma\u00dfgabe des Art 21 DSGVO das Recht, aus Gr\u00fcn-den, die sich aus ihrer besonderen Situation ergeben, jederzeit gegen die Verarbeitung Ihre Person betreffender Daten Widerspruch einzulegen.<\/li>\n<li><b>Beschwerderecht:\u00a0<\/b>Sie haben ferner gem. Art. 77 DSGVO das Recht, eine Beschwerde bei der zust\u00e4ndigen Aufsichtsbeh\u00f6rde einzureichen.<\/li>\n<\/ul>\n<p><b>8. L\u00f6schung von Daten:<\/b><\/p>\n<p>Die von uns verarbeiteten Daten werden nach Ma\u00dfgabe der Art. 17 und 18 DSGVO gel\u00f6scht oder in ihrer Verarbeitung eingeschr\u00e4nkt, so-bald sie f\u00fcr ihre Zweckbestimmung nicht mehr erforderlich sind und der L\u00f6schung keine gesetzlichen Aufbewahrungspflichten entgegen-stehen. Sofern die Daten nicht gel\u00f6scht wer-den, weil sie f\u00fcr andere und gesetzlich zul\u00e4ssige Zwecke erforderlich sind, wird deren Verarbeitung eingeschr\u00e4nkt. D.h. die Daten wer-den gesperrt und nicht f\u00fcr andere Zwecke verarbeitet. Das gilt z.B. f\u00fcr Daten, die aus handels- oder steuerrechtlichen Gr\u00fcnden aufbewahrt werden m\u00fcssen.<\/p>\n<p>Nach gesetzlichen Vorgaben erfolgt die Aufbewahrung insbesondere f\u00fcr 7 Jahre gem\u00e4\u00df \u00a7 132 Abs. 1 BAO (Buchhaltungsunterlagen, Be-lege\/Rechnungen, Konten, Belege, Gesch\u00e4ftspapiere, Aufstellung der Einnahmen und Aus-gaben, etc.).<\/p>\n<p><b>9. Customer Relationship Management:<\/b><\/p>\n<p>Zur Verwaltung unserer Kundenkontakte und Vertragsdaten und zur bestm\u00f6glichen Kundenbetreuung im Innen- und Au\u00dfendienst verwenden wir die cloudbasierte Customer Relations-hip Management Software \u201cZoho CRM\u201c. In Zoho CRM werden auftragsbezogene Kontakt- und Vertragsdaten verarbeitet.<\/p>\n<p>Die Daten werden ausschlie\u00dflich auf Servern gespeichert, die sich physisch innerhalb der Europ\u00e4ischen Union befinden. Zoho bietet einen sehr hohen Standard an Datenschutz und Datensicherheit und erf\u00fcllt diesbez\u00fcglich alle Vor-gaben der DSGVO. Die Sicherheits- und Datenschutzbestimmungen von Zoho k\u00f6nnen Sie unter folgenden Links einsehen:<\/p>\n<p><a href=\"https:\/\/www.zoho.eu\/security.html\" target=\"_blank\" rel=\"noopener\">https:\/\/www.zoho.eu\/security.html<\/a><\/p>\n<p><a href=\"https:\/\/www.zoho.eu\/privacy.html\" target=\"_blank\" rel=\"noopener\">https:\/\/www.zoho.eu\/privacy.html<\/a><\/p>\n<p><b>10. Hosting:<\/b><\/p>\n<p>Die von uns in Anspruch genommenen Hosting-Leistungen dienen der Zurverf\u00fcgungstellung von Infrastruktur- und Plattformdienstleistungen, Rechenkapazit\u00e4t, Speicherplatz und Datenbankdienste, Sicherheitsleistungen sowie technische Wartungsleistungen, die wir zum Zwecke des Betriebs dieses Onlineangebotes einsetzen.<\/p>\n<p>Hierbei verarbeiten wir bzw. unser Hosting-dienstleister als Auftragsverarbeiter gem\u00e4\u00df Art 28 DSGVO personenbezogene Daten, insbesondere Nutzungsdaten, Meta- und Kommunikationsdaten von Kunden, Interessenten und Besuchern dieses Onlineangebotes auf Grundlage unserer berechtigten Interessen an einer effizienten und sicheren Zurverf\u00fcgungstellung dieses Onlineangebotes.<\/p>\n<p><b>11. Erhebung von Zugriffsdaten und Logfiles:<\/b><\/p>\n<p>Wir erheben auf Grundlage unserer berechtigten Interessen im Sinne des Art. 6 Abs. 1 lit. f) DSGVO Daten \u00fcber jeden Zugriff auf den Server, auf dem sich dieser Dienst befindet (sogenannte \u201eServerlogfiles\u201c). Zu den Zugriffsdaten geh\u00f6ren Name der abgerufenen Webseite, Datei, Datum und Uhrzeit des Abrufs, \u00fcbertragene Datenmenge, Meldung \u00fcber erfolgreichen Abruf, Browsertyp nebst Version, das Betriebssystem des Nutzers, Referrer URL (die zu-vor besuchte Seite), IP-Adresse und der anfragende Provider.<\/p>\n<p>Logfile-Informationen werden aus Sicherheitsgr\u00fcnden (z.B. zur Aufkl\u00e4rung von Missbrauchs- oder Betrugshandlungen) f\u00fcr die Dauer von maximal sieben Tagen gespeichert und danach gel\u00f6scht. Daten, deren weitere Aufbewahrung zu Beweiszwecken erforderlich ist, sind bis zur endg\u00fcltigen Kl\u00e4rung des jeweiligen Vorfalls von der L\u00f6schung ausgenommen.<\/p>\n<p><b>12. Onlinepr\u00e4senzen in sozialen Medien<\/b><\/p>\n<p>Wir unterhalten Onlinepr\u00e4senzen innerhalb sozialer Netzwerke und Plattformen, insbesondere auf Facebook, XING und LinkedIn, um mit den dort aktiven Kunden, Interessenten und Nutzern zu kommunizieren und sie dort \u00fcber unsere Leistungen informieren zu k\u00f6nnen. Beim Aufruf der jeweiligen Netzwerke und Plattformen gelten die Gesch\u00e4ftsbedingungen und die Datenverarbeitungsrichtlinien deren jeweiligen Betreiber.<\/p>\n<p><b>13. Cookies<\/b><\/p>\n<p>Als \u201eCookies\u201c werden kleine Dateien bezeichnet, die auf Rechnern der Nutzer gespeichert werden. Innerhalb der Cookies k\u00f6nnen unter-schiedliche Angaben gespeichert werden. Ein Cookie dient prim\u00e4r dazu, die Angaben zu ei-nem Nutzer (bzw. dem Ger\u00e4t auf dem das Cookie gespeichert ist) w\u00e4hrend oder auch nach seinem Besuch innerhalb eines Onlineangebotes zu speichern. Als tempor\u00e4re Cookies, bzw. \u201eSession-Cookies\u201c oder \u201etransiente Cookies\u201c, werden Cookies bezeichnet, die gel\u00f6scht wer-den, nachdem ein Nutzer ein Onlineangebot verl\u00e4sst und seinen Browser schlie\u00dft. In einem solchen Cookie kann z.B. der Inhalt eines Warenkorbs in einem Onlineshop oder ein Login-Status gespeichert werden. Als \u201epermanent\u201c o-der \u201epersistent\u201c werden Cookies bezeichnet, die auch nach dem Schlie\u00dfen des Browsers gespeichert bleiben. So kann z.B. der Login-Status gespeichert werden, wenn die Nutzer diese nach mehreren Tagen aufsuchen. Ebenso k\u00f6nnen in einem solchen Cookie die Interessen der Nutzer gespeichert werden, die f\u00fcr Reichweitenmessung oder Marketingzwecke verwendet werden. Als \u201eThird-Party-Cookie\u201c werden Cookies von anderen Anbietern als dem Verantwortlichen, der das Onlineangebot betreibt, bezeichnet.<\/p>\n<p>Wir setzen tempor\u00e4re und permanente Cookies ein und kl\u00e4ren hier\u00fcber im Rahmen unserer Datenschutzerkl\u00e4rung auf. Falls die Nutzer nicht m\u00f6chten, dass Cookies auf ihrem Rechner gespeichert werden, werden sie gebeten die entsprechende Option in den Systemeinstellungen ihres Browsers zu deaktivieren. Gespeicherte Cookies k\u00f6nnen in den Systemeinstellungen des Browsers gel\u00f6scht werden. Der Ausschluss von Cookies kann zu Funktionseinschr\u00e4nkungen dieses Onlineangebotes f\u00fchren.<\/p>\n<p>Ein genereller Widerspruch gegen den Einsatz der zu Zwecken des Onlinemarketing eingesetzten Cookies kann bei einer Vielzahl von Diensten erkl\u00e4rt werden, vor allem im Fall des Trackings \u00fcber die US-amerikanische Website<\/p>\n<p><a href=\"http:\/\/www.aboutads.info\/choices\/\" target=\"_blank\" rel=\"noopener\">http:\/\/www.aboutads.info\/choices\/<\/a><\/p>\n<p>oder die EU-Website<\/p>\n<p><a href=\"http:\/\/www.youronlinechoices.com\/\" target=\"_blank\" rel=\"noopener\">http:\/\/www.youronlinechoices.com\/<\/a><\/p>\n<p>Des Weiteren kann die Speicherung von Cookies in den Einstellungen des Browsers deaktiviert werden. Bitte beachten Sie, dass dann gegebenenfalls nicht alle Funktionen dieses Onlineangebotes genutzt werden k\u00f6nnen.<\/p>\n<p><b>14. \u00c4nderungen und Aktualisierungen der Datenschutzerkl\u00e4rung:<\/b><\/p>\n<p>Um Sicherzustellen, dass Sie stets \u00fcber unseren Umgang mit personenbezogenen Daten informiert sind, bitten wir Sie, sich regelm\u00e4\u00dfig \u00fcber den Inhalt unserer Datenschutzerkl\u00e4rung zu in-formieren. Wir passen die Datenschutzerkl\u00e4rung an, sobald dies \u00c4nderungen der von uns durchgef\u00fchrten Datenverarbeitungen oder der anwendbaren Gesetze erforderlich machen.<\/p>\n<p><i>Stand: September 2018<\/i><\/p>\n<\/div>\n<p><!-- \/wp:heading --><\/p>\t\t\t\t\t\t\t\t<\/div>\n\t\t\t\t<\/div>\n\t\t\t\t\t<\/div>\n\t\t<\/div>\n\t\t\t\t\t<\/div>\n\t\t<\/section>\n\t\t\t\t<\/div>\n\t\t","protected":false},"excerpt":{"rendered":"<p>Diese Datenschutzerkl\u00e4rung informiert Sie \u00fcber die Art, den Umfang und Zweck der Verarbeitung von\u00a0personenbezogenen Daten\u00a0(nachfolgend kurz \u201eDaten\u201c) in unserem Unter-nehmen, insbesondere bei [&hellip;]<\/p>\n","protected":false},"author":3,"featured_media":0,"parent":0,"menu_order":0,"comment_status":"closed","ping_status":"closed","template":"","meta":{"footnotes":""},"class_list":["post-3","page","type-page","status-publish","hentry"],"_links":{"self":[{"href":"https:\/\/konfliktexperten.at\/index.php\/wp-json\/wp\/v2\/pages\/3","targetHints":{"allow":["GET"]}}],"collection":[{"href":"https:\/\/konfliktexperten.at\/index.php\/wp-json\/wp\/v2\/pages"}],"about":[{"href":"https:\/\/konfliktexperten.at\/index.php\/wp-json\/wp\/v2\/types\/page"}],"author":[{"embeddable":true,"href":"https:\/\/konfliktexperten.at\/index.php\/wp-json\/wp\/v2\/users\/3"}],"replies":[{"embeddable":true,"href":"https:\/\/konfliktexperten.at\/index.php\/wp-json\/wp\/v2\/comments?post=3"}],"version-history":[{"count":5,"href":"https:\/\/konfliktexperten.at\/index.php\/wp-json\/wp\/v2\/pages\/3\/revisions"}],"predecessor-version":[{"id":182,"href":"https:\/\/konfliktexperten.at\/index.php\/wp-json\/wp\/v2\/pages\/3\/revisions\/182"}],"wp:attachment":[{"href":"https:\/\/konfliktexperten.at\/index.php\/wp-json\/wp\/v2\/media?parent=3"}],"curies":[{"name":"wp","href":"https:\/\/api.w.org\/{rel}","templated":true}]}}